{"id":2,"date":"2023-05-20T17:19:09","date_gmt":"2023-05-20T17:19:09","guid":{"rendered":"https:\/\/hairfashiongiuseppe.com\/?page_id=2"},"modified":"2024-11-27T12:53:25","modified_gmt":"2024-11-27T10:53:25","slug":"chi-siamo","status":"publish","type":"page","link":"https:\/\/hairfashiongiuseppe.com\/?page_id=2","title":{"rendered":"Chi siamo &#8211; Il nostro salone a Cassina de Pecchi"},"content":{"rendered":"\n<p><\/p>\n\n\n\n<div class=\"wp-block-columns is-layout-flex wp-container-core-columns-is-layout-9d6595d7 wp-block-columns-is-layout-flex\">\n<div class=\"wp-block-column is-layout-flow wp-block-column-is-layout-flow\">\n<div style=\"height:32px\" aria-hidden=\"true\" class=\"wp-block-spacer\"><\/div>\n\n\n\n<h2 class=\"wp-block-heading\">La nostra identit\u00e0<\/h2>\n\n\n\n<p>Il salone Hai Fashion Giuseppe \u00e8 nato a Cassina de Pecchi nel 2006 dalla determinazione e dalla passione del suo fondatore, Giuseppe.<\/p>\n\n\n\n<p>Nel corso degli anni, il salone \u00e8 cresciuto e si \u00e8 consolidato, vantando oggi uno staff affiatato e competente. Il nostro team \u00e8 costantemente aggiornato sulle nuove tendenze e le tecniche pi\u00f9 moderne attraverso la partecipazione a numerosi corsi.<\/p>\n\n\n\n<p>Il nostro centro ha saputo creare nel tempo un <strong>ambiente piacevole e accogliente<\/strong>, dove oltre ai tagli di capelli e alle acconciature, trasmettiamo emozioni uniche.<\/p>\n\n\n\n<div style=\"height:32px\" aria-hidden=\"true\" class=\"wp-block-spacer\"><\/div>\n<\/div>\n\n\n\n<div class=\"wp-block-column is-layout-flow wp-block-column-is-layout-flow\">\n<figure class=\"wp-block-image size-large\"><img loading=\"lazy\" decoding=\"async\" width=\"768\" height=\"1024\" src=\"https:\/\/hairfashiongiuseppe.com\/staging-hfg-v1\/wp-content\/uploads\/2024\/11\/salone-hair-fashion-giuseppe-image7-768x1024.jpg\" alt=\"\" class=\"wp-image-1026\" srcset=\"https:\/\/hairfashiongiuseppe.com\/wp-content\/uploads\/2024\/11\/salone-hair-fashion-giuseppe-image7-768x1024.jpg 768w, https:\/\/hairfashiongiuseppe.com\/wp-content\/uploads\/2024\/11\/salone-hair-fashion-giuseppe-image7-225x300.jpg 225w, https:\/\/hairfashiongiuseppe.com\/wp-content\/uploads\/2024\/11\/salone-hair-fashion-giuseppe-image7-1152x1536.jpg 1152w, https:\/\/hairfashiongiuseppe.com\/wp-content\/uploads\/2024\/11\/salone-hair-fashion-giuseppe-image7-750x1000.jpg 750w, https:\/\/hairfashiongiuseppe.com\/wp-content\/uploads\/2024\/11\/salone-hair-fashion-giuseppe-image7-1500x2000.jpg 1500w, https:\/\/hairfashiongiuseppe.com\/wp-content\/uploads\/2024\/11\/salone-hair-fashion-giuseppe-image7.jpg 1512w\" sizes=\"auto, (max-width: 768px) 100vw, 768px\" \/><\/figure>\n<\/div>\n<\/div>\n\n\n\n<div class=\"wp-block-columns co-maps container is-layout-flex wp-container-core-columns-is-layout-9d6595d7 wp-block-columns-is-layout-flex\">\n<div class=\"wp-block-column is-layout-flow wp-block-column-is-layout-flow\" style=\"flex-basis:50%\">\n<iframe src=\"https:\/\/www.google.com\/maps\/embed?pb=!1m18!1m12!1m3!1d2795.5247193124756!2d9.35919437675337!3d45.51964542973687!2m3!1f0!2f0!3f0!3m2!1i1024!2i768!4f13.1!3m3!1m2!1s0x4786c9df7b898aa5%3A0x32036831fdfe4ecf!2sHair%20Fashion%20Giuseppe!5e0!3m2!1sit!2sit!4v1690383839757!5m2!1sit!2sit\" width=\"600\" height=\"450\" style=\"border:0;\" allowfullscreen=\"\" loading=\"lazy\" referrerpolicy=\"no-referrer-when-downgrade\"><\/iframe>\n<\/div>\n\n\n\n<div class=\"wp-block-column is-layout-flow wp-block-column-is-layout-flow\" style=\"flex-basis:50%\">\n<h3 class=\"wp-block-heading\">Facile da raggiungere<\/h3>\n\n\n\n<p>Ci trovi a 5 minuti dalla metropolitana, in via Guglielmo Marconi 12, Cassina de\u2019 Pecchi (MI)<\/p>\n<\/div>\n<\/div>\n\n\n\n<div class=\"wp-block-columns is-layout-flex wp-container-core-columns-is-layout-9d6595d7 wp-block-columns-is-layout-flex\">\n<div class=\"wp-block-column is-layout-flow wp-block-column-is-layout-flow\">\n<div style=\"height:32px\" aria-hidden=\"true\" class=\"wp-block-spacer\"><\/div>\n\n\n\n<h2 class=\"wp-block-heading\">La nostra identit\u00e0<\/h2>\n\n\n\n<p>Lo staff di Hair Fashion si impegna a <strong>comprendere le esigenze dei clienti<\/strong> al fine di garantire il miglior servizio possibile.<\/p>\n\n\n\n<p>La cura per il benessere della persona \u00e8 il fulcro del nostro lavoro, il quale ci spinge a utilizzare esclusivamente <strong>prodotti di alta qualit\u00e0<\/strong>, tra cui L&#8217;Or\u00e9al, Farmaca International, GHD. Lo stile di Hair Fashion \u00e8 definito da linee essenziali e raffinate, che emanano un&#8217;eleganza sobria e armoniosa.<\/p>\n\n\n\n<p>Il nostro <strong>ambiente accogliente \u00e8 situato nel cuore di Cassina de&#8217; Pecchi<\/strong>, offrendo grande visibilit\u00e0 e facile accessibilit\u00e0.<\/p>\n\n\n\n<div style=\"height:32px\" aria-hidden=\"true\" class=\"wp-block-spacer\"><\/div>\n<\/div>\n\n\n\n<div class=\"wp-block-column is-layout-flow wp-block-column-is-layout-flow\">\n<figure class=\"wp-block-image size-large\"><img loading=\"lazy\" decoding=\"async\" width=\"768\" height=\"1024\" src=\"https:\/\/hairfashiongiuseppe.com\/staging-hfg-v1\/wp-content\/uploads\/2024\/11\/salone-hair-fashion-giuseppe-image8-768x1024.jpg\" alt=\"\" class=\"wp-image-1027\" srcset=\"https:\/\/hairfashiongiuseppe.com\/wp-content\/uploads\/2024\/11\/salone-hair-fashion-giuseppe-image8-768x1024.jpg 768w, https:\/\/hairfashiongiuseppe.com\/wp-content\/uploads\/2024\/11\/salone-hair-fashion-giuseppe-image8-225x300.jpg 225w, https:\/\/hairfashiongiuseppe.com\/wp-content\/uploads\/2024\/11\/salone-hair-fashion-giuseppe-image8-1152x1536.jpg 1152w, https:\/\/hairfashiongiuseppe.com\/wp-content\/uploads\/2024\/11\/salone-hair-fashion-giuseppe-image8-750x1000.jpg 750w, https:\/\/hairfashiongiuseppe.com\/wp-content\/uploads\/2024\/11\/salone-hair-fashion-giuseppe-image8-1500x2000.jpg 1500w, https:\/\/hairfashiongiuseppe.com\/wp-content\/uploads\/2024\/11\/salone-hair-fashion-giuseppe-image8.jpg 1512w\" sizes=\"auto, (max-width: 768px) 100vw, 768px\" \/><\/figure>\n<\/div>\n<\/div>\n\n\n\n<div class=\"wp-block-columns has-background is-layout-flex wp-container-core-columns-is-layout-9d6595d7 wp-block-columns-is-layout-flex\" style=\"background-color:#f9f9f9\">\n<div class=\"wp-block-column co-list-services has-background is-layout-flow wp-block-column-is-layout-flow\" style=\"background-color:#ffffff00\">\n<div class=\"wp-block-columns is-layout-flex wp-container-core-columns-is-layout-9d6595d7 wp-block-columns-is-layout-flex\">\n<div class=\"wp-block-column is-layout-flow wp-block-column-is-layout-flow\">\n<h2 class=\"wp-block-heading\">Elenco dei servizi<\/h2>\n\n\n\n<div class=\"wp-block-columns cm-list-services is-layout-flex wp-container-core-columns-is-layout-9d6595d7 wp-block-columns-is-layout-flex\">\n<div class=\"wp-block-column is-layout-flow wp-block-column-is-layout-flow\">\n<h4 class=\"wp-block-heading\">Parrucchiere donna<\/h4>\n\n\n\n<ul class=\"wp-block-list\">\n<li>Taglio e stile<\/li>\n\n\n\n<li>Colorazione<\/li>\n\n\n\n<li>Trattamenti e cure<\/li>\n\n\n\n<li>Sposa e cerimonie<\/li>\n<\/ul>\n<\/div>\n\n\n\n<div class=\"wp-block-column is-layout-flow wp-block-column-is-layout-flow\">\n<h4 class=\"wp-block-heading\">Estetica donna<\/h4>\n\n\n\n<ul class=\"wp-block-list\">\n<li>Epilazione<\/li>\n\n\n\n<li>Trattamenti viso<\/li>\n\n\n\n<li>Mani e piedi<\/li>\n\n\n\n<li>Massaggi<\/li>\n\n\n\n<li>Solarium<\/li>\n<\/ul>\n<\/div>\n\n\n\n<div class=\"wp-block-column is-layout-flow wp-block-column-is-layout-flow\">\n<h4 class=\"wp-block-heading\">Servizi Uomo<\/h4>\n\n\n\n<ul class=\"wp-block-list\">\n<li>Taglio e stile<\/li>\n\n\n\n<li>Barba<\/li>\n\n\n\n<li>Ceretta<\/li>\n\n\n\n<li>Massaggi<\/li>\n\n\n\n<li>Solarium<\/li>\n<\/ul>\n<\/div>\n<\/div>\n<\/div>\n<\/div>\n\n\n\n<div class=\"wp-block-columns is-layout-flex wp-container-core-columns-is-layout-9d6595d7 wp-block-columns-is-layout-flex\">\n<div class=\"wp-block-column is-layout-flow wp-block-column-is-layout-flow\">\n<h2 class=\"wp-block-heading mb-2\">Utilizziamo prodotti top<\/h2>\n\n\n\n<figure class=\"wp-block-gallery has-nested-images columns-4 is-cropped wp-block-gallery-1 is-layout-flex wp-block-gallery-is-layout-flex\">\n<figure class=\"wp-block-image size-full contain\"><img loading=\"lazy\" decoding=\"async\" width=\"298\" height=\"110\" data-id=\"225\" src=\"https:\/\/hairfashiongiuseppe.com\/wp-content\/uploads\/2023\/06\/logo-australian-gold.svg\" alt=\"Australian Gold\" class=\"wp-image-225\"\/><\/figure>\n\n\n\n<figure class=\"wp-block-image size-medium contain\"><img loading=\"lazy\" decoding=\"async\" width=\"69\" height=\"18\" data-id=\"223\" src=\"https:\/\/hairfashiongiuseppe.com\/wp-content\/uploads\/2023\/06\/logo-mesauda.svg\" alt=\"Mesauda\" class=\"wp-image-223\"\/><\/figure>\n\n\n\n<figure class=\"wp-block-image size-medium contain\"><img decoding=\"async\" data-id=\"221\" src=\"https:\/\/hairfashiongiuseppe.com\/wp-content\/uploads\/2023\/06\/logo-moroccanoil.svg\" alt=\"Moroccanoil\" class=\"wp-image-221\"\/><\/figure>\n\n\n\n<figure class=\"wp-block-image size-medium contain\"><img loading=\"lazy\" decoding=\"async\" width=\"63\" height=\"21\" data-id=\"219\" src=\"https:\/\/hairfashiongiuseppe.com\/wp-content\/uploads\/2023\/06\/logo-inoa.svg\" alt=\"Inoa\" class=\"wp-image-219\"\/><\/figure>\n\n\n\n<figure class=\"wp-block-image size-medium contain\"><img loading=\"lazy\" decoding=\"async\" width=\"96\" height=\"18\" data-id=\"217\" src=\"https:\/\/hairfashiongiuseppe.com\/wp-content\/uploads\/2023\/06\/logo-loreal.svg\" alt=\"L'oreal\" class=\"wp-image-217\"\/><\/figure>\n\n\n\n<figure class=\"wp-block-image size-large contain\"><img loading=\"lazy\" decoding=\"async\" width=\"103\" height=\"51\" data-id=\"573\" src=\"https:\/\/hairfashiongiuseppe.com\/wp-content\/uploads\/2023\/06\/layla-cosmetics-milnao.svg\" alt=\"Logo Layla Cosmetic Milano\" class=\"wp-image-573\"\/><\/figure>\n\n\n\n<figure class=\"wp-block-image size-medium contain\"><img loading=\"lazy\" decoding=\"async\" width=\"69\" height=\"27\" data-id=\"271\" src=\"https:\/\/hairfashiongiuseppe.com\/wp-content\/uploads\/2023\/06\/logo-reuzel.svg\" alt=\"Reuzel\" class=\"wp-image-271\"\/><\/figure>\n\n\n\n<figure class=\"wp-block-image size-medium contain\"><img loading=\"lazy\" decoding=\"async\" width=\"54\" height=\"34\" data-id=\"273\" src=\"https:\/\/hairfashiongiuseppe.com\/wp-content\/uploads\/2023\/06\/logo-scenic-milano.svg\" alt=\"Scenic Milano\" class=\"wp-image-273\"\/><\/figure>\n\n\n\n<figure class=\"wp-block-image size-full contain\"><img loading=\"lazy\" decoding=\"async\" width=\"193\" height=\"139\" data-id=\"277\" src=\"https:\/\/hairfashiongiuseppe.com\/wp-content\/uploads\/2023\/06\/blond-studio.png\" alt=\"Blond Studio\" class=\"wp-image-277\"\/><\/figure>\n<\/figure>\n<\/div>\n<\/div>\n<\/div>\n<\/div>\n\n\n\n<p>Compila il nostro form online o chiamaci al <strong><a href=\"tel:0295343566\">02-9534-3566<\/a><\/strong> per fissare il tuo appuntamento e dedicarti un momento di puro relax e bellezza. Il nostro team si prender\u00e0 cura di risponderti al pi\u00f9 presto.<\/p>\n\n\n\n<div class=\"wp-block-columns is-layout-flex wp-container-core-columns-is-layout-9d6595d7 wp-block-columns-is-layout-flex\" id=\"contatti\">\n<div class=\"wp-block-column is-layout-flow wp-block-column-is-layout-flow\">\n<header class=\"wp-block-group cm-title-group text-width-l text-center\"><div class=\"wp-block-group__inner-container is-layout-constrained wp-block-group-is-layout-constrained\">\n<h2 class=\"wp-block-heading cm-title-group__title\">Prenota il tuo appuntamento<\/h2>\n\n\n\n<p class=\"h5\">Compila il nostro form online o chiamaci al <strong><a href=\"tel:0295343566\">02-9534-3566<\/a><\/strong> per fissare il tuo appuntamento e dedicarti un momento di puro relax e bellezza. Il nostro team si prender\u00e0 cura di risponderti al pi\u00f9 presto.<\/p>\n<\/div><\/header>\n\n\n\n<div class=\"wp-block-columns co-form is-layout-flex wp-container-core-columns-is-layout-9d6595d7 wp-block-columns-is-layout-flex\">\n<div class=\"wp-block-column co-form__wrapper is-layout-flow wp-block-column-is-layout-flow\">\n<div class=\"wpcf7 no-js\" id=\"wpcf7-f199-o1\" lang=\"en-US\" dir=\"ltr\" data-wpcf7-id=\"199\">\n<div class=\"screen-reader-response\"><p role=\"status\" aria-live=\"polite\" aria-atomic=\"true\"><\/p> <ul><\/ul><\/div>\n<form action=\"\/index.php?rest_route=%2Fwp%2Fv2%2Fpages%2F2#wpcf7-f199-o1\" method=\"post\" class=\"wpcf7-form init\" aria-label=\"Contact form\" novalidate=\"novalidate\" data-status=\"init\">\n<fieldset class=\"hidden-fields-container\"><input type=\"hidden\" name=\"_wpcf7\" value=\"199\" \/><input type=\"hidden\" name=\"_wpcf7_version\" value=\"6.1.3\" \/><input type=\"hidden\" name=\"_wpcf7_locale\" value=\"en_US\" \/><input type=\"hidden\" name=\"_wpcf7_unit_tag\" value=\"wpcf7-f199-o1\" \/><input type=\"hidden\" name=\"_wpcf7_container_post\" value=\"0\" \/><input type=\"hidden\" name=\"_wpcf7_posted_data_hash\" value=\"\" \/>\n<\/fieldset>\n<div class=\"mb-2\">\n\t<p class=\"h3\"> Modulo di contatto\n\t<\/p>\n\t<p class=\"h5\"> Compila tutti i campi qui sotto, ti risponderemo il prima possibile\n\t<\/p>\n<\/div>\n<p><label for=\"Il tuo nome\"><\/label>\n<\/p>\n<p class=\"h5 font-bold required-label\"> Il tuo nome\n<\/p>\n<p><span class=\"wpcf7-form-control-wrap\" data-name=\"your-name\"><input size=\"40\" maxlength=\"400\" class=\"wpcf7-form-control wpcf7-text wpcf7-validates-as-required\" id=\"Iltuonome\" autocomplete=\"name\" aria-required=\"true\" aria-invalid=\"false\" placeholder=\"\" value=\"\" type=\"text\" name=\"your-name\" \/><\/span>\n<\/p>\n<p><label for=\"La tua email\"><\/label>\n<\/p>\n<p class=\"h5 font-bold required-label\"> La tua email\n<\/p>\n<p><span class=\"wpcf7-form-control-wrap\" data-name=\"your-email\"><input size=\"40\" maxlength=\"400\" class=\"wpcf7-form-control wpcf7-email wpcf7-validates-as-required wpcf7-text wpcf7-validates-as-email\" id=\"email\" autocomplete=\"email\" aria-required=\"true\" aria-invalid=\"false\" value=\"\" type=\"email\" name=\"your-email\" \/><\/span>\n<\/p>\n<p><label for=\"Oggetto\"><\/label>\n<\/p>\n<p class=\"h5 font-bold\"> Oggetto\n<\/p>\n<p><span class=\"wpcf7-form-control-wrap\" data-name=\"your-subject\"><input size=\"40\" maxlength=\"400\" class=\"wpcf7-form-control wpcf7-text\" id=\"Oggetto\" aria-invalid=\"false\" value=\"\" type=\"text\" name=\"your-subject\" \/><\/span>\n<\/p>\n<p><label for=\"Messaggio\"><\/label>\n<\/p>\n<p class=\"h5 font-bold\"> Il tuo messaggio\n<\/p>\n<p><span class=\"wpcf7-form-control-wrap\" data-name=\"your-message\"><textarea cols=\"40\" rows=\"10\" maxlength=\"2000\" class=\"wpcf7-form-control wpcf7-textarea\" id=\"Messaggio\" aria-invalid=\"false\" name=\"your-message\"><\/textarea><\/span>\n<\/p>\n<p class=\"privacy-text mt-05 mb-2\"><span class=\"wpcf7-form-control-wrap\" data-name=\"acceptance-523\"><span class=\"wpcf7-form-control wpcf7-acceptance\"><span class=\"wpcf7-list-item\"><label><input type=\"checkbox\" name=\"acceptance-523\" value=\"1\" aria-invalid=\"false\" \/><span class=\"wpcf7-list-item-label\">Acconsento al trattamento dei miei dati personali al fine di ricevere una risposta al mio messaggio, come indicato nella <a target=\"_blank\" href=\"https:\/\/hairfashiongiuseppe.com\/staging-hfg-v1\/privacy-policy\/\">Privacy policy<\/a><\/span><\/label><\/span><\/span><\/span>\n<\/p>\n<p><input class=\"wpcf7-form-control wpcf7-submit has-spinner ca-button-1\" id=\"form-submit\" type=\"submit\" value=\"Invia email\" \/>\n<\/p><div class=\"wpcf7-response-output\" aria-hidden=\"true\"><\/div>\n<\/form>\n<\/div>\n\n<\/div>\n<\/div>\n<\/div>\n<\/div>\n","protected":false},"excerpt":{"rendered":"<p>Vieni a conoscerti ci persona. Siamo un salone bellezza a Cassina de&#8217; Pecchi, specializzato in trattamenti estetici e parrucchiere per donna.<\/p>\n","protected":false},"author":1,"featured_media":1025,"parent":0,"menu_order":0,"comment_status":"closed","ping_status":"closed","template":"","meta":{"_acf_changed":false,"inline_featured_image":false,"footnotes":""},"class_list":["post-2","page","type-page","status-publish","has-post-thumbnail","hentry"],"acf":[],"_links":{"self":[{"href":"https:\/\/hairfashiongiuseppe.com\/index.php?rest_route=\/wp\/v2\/pages\/2","targetHints":{"allow":["GET"]}}],"collection":[{"href":"https:\/\/hairfashiongiuseppe.com\/index.php?rest_route=\/wp\/v2\/pages"}],"about":[{"href":"https:\/\/hairfashiongiuseppe.com\/index.php?rest_route=\/wp\/v2\/types\/page"}],"author":[{"embeddable":true,"href":"https:\/\/hairfashiongiuseppe.com\/index.php?rest_route=\/wp\/v2\/users\/1"}],"replies":[{"embeddable":true,"href":"https:\/\/hairfashiongiuseppe.com\/index.php?rest_route=%2Fwp%2Fv2%2Fcomments&post=2"}],"version-history":[{"count":76,"href":"https:\/\/hairfashiongiuseppe.com\/index.php?rest_route=\/wp\/v2\/pages\/2\/revisions"}],"predecessor-version":[{"id":1066,"href":"https:\/\/hairfashiongiuseppe.com\/index.php?rest_route=\/wp\/v2\/pages\/2\/revisions\/1066"}],"wp:featuredmedia":[{"embeddable":true,"href":"https:\/\/hairfashiongiuseppe.com\/index.php?rest_route=\/wp\/v2\/media\/1025"}],"wp:attachment":[{"href":"https:\/\/hairfashiongiuseppe.com\/index.php?rest_route=%2Fwp%2Fv2%2Fmedia&parent=2"}],"curies":[{"name":"wp","href":"https:\/\/api.w.org\/{rel}","templated":true}]}}